{"id":1948,"date":"2024-01-07T21:42:12","date_gmt":"2024-01-07T21:42:12","guid":{"rendered":"https:\/\/www.departamentosniceandcool.cl\/en\/?page_id=1948"},"modified":"2024-01-21T15:12:37","modified_gmt":"2024-01-21T15:12:37","slug":"whats-cool","status":"publish","type":"page","link":"https:\/\/www.departamentosniceandcool.cl\/en\/whats-cool\/","title":{"rendered":"whats-cool"},"content":{"rendered":"\t\t<div data-elementor-type=\"wp-page\" data-elementor-id=\"1948\" class=\"elementor elementor-1948\">\n\t\t\t\t<div class=\"elementor-element elementor-element-c10a865 e-con-full e-flex wpr-particle-no wpr-jarallax-no wpr-parallax-no wpr-sticky-section-no e-con e-parent\" data-id=\"c10a865\" data-element_type=\"container\">\n\t\t\t\t<div class=\"elementor-element elementor-element-2019159 wpr-adv-slider-columns-1 wpr-adv-slider-columns--tablet1 wpr-adv-slider-columns--mobile1 wpr-adv-slides-to-scroll-1 wpr-slider-dots-horizontal elementor-widget elementor-widget-wpr-advanced-slider\" data-id=\"2019159\" data-element_type=\"widget\" data-settings=\"{&quot;slider_amount&quot;:1,&quot;slider_amount_tablet&quot;:1,&quot;slider_amount_mobile&quot;:1,&quot;slides_to_scroll&quot;:1,&quot;slider_loop&quot;:&quot;yes&quot;,&quot;slider_hide_video_content&quot;:&quot;yes&quot;,&quot;slider_video_btn_size&quot;:&quot;medium&quot;}\" data-widget_type=\"wpr-advanced-slider.default\">\n\t\t\t\t<div class=\"elementor-widget-container\">\n\t\t\t\t\t\n\t\t<!-- Advanced Slider -->\n\t\t<div class=\"wpr-advanced-slider-wrap\">\n\t\t\t\n\t\t\t<div class=\"wpr-advanced-slider\" dir=\"ltr\" data-slick=\"{&quot;rtl&quot;:false,&quot;infinite&quot;:true,&quot;speed&quot;:700,&quot;arrows&quot;:true,&quot;dots&quot;:true,&quot;autoplay&quot;:false,&quot;autoplaySpeed&quot;:1000,&quot;pauseOnHover&quot;:&quot;&quot;,&quot;prevArrow&quot;:&quot;#wpr-slider-prev-2019159&quot;,&quot;nextArrow&quot;:&quot;#wpr-slider-next-2019159&quot;,&quot;vertical&quot;:false,&quot;adaptiveHeight&quot;:true}\" data-hide-video-content=\"yes\" data-video-btn-size=\"{&quot;widescreen&quot;:&quot;medium&quot;,&quot;desktop&quot;:&quot;medium&quot;,&quot;laptop&quot;:&quot;medium&quot;,&quot;tablet_extra&quot;:&quot;medium&quot;,&quot;tablet&quot;:&quot;medium&quot;,&quot;mobile_extra&quot;:&quot;medium&quot;,&quot;mobile&quot;:&quot;medium&quot;}\" data-slide-effect=\"slide\">\n\t\t\t\t<div class=\"wpr-slider-item elementor-repeater-item-6072fb2\"><div class=\"wpr-slider-item-bg \" style=\"background-image: url(https:\/\/www.departamentosniceandcool.cl\/en\/wp-content\/uploads\/2024\/01\/banner-lo-cool.png)\"><\/div><div class=\"wpr-slider-item-overlay\"><\/div><div class=\"wpr-cv-container\"><div class=\"wpr-cv-outer\"><div class=\"wpr-cv-inner\"><div class=\"wpr-slider-content\"><div class=\"wpr-slider-sub-title\"><h3>LO COOL<\/h3><\/div><div class=\"wpr-slider-btns\"><\/div><\/div><\/div><\/div><\/div><\/div>\t\t\t<\/div>\n\t\t\t<div class=\"wpr-slider-controls\">\n\t\t\t\t<div class=\"wpr-slider-dots\"><\/div>\n\t\t\t<\/div>\n\n\t\t\t<div class=\"wpr-slider-arrow-container\">\n\t\t\t\t<div class=\"wpr-slider-prev-arrow wpr-slider-arrow\" id=\"wpr-slider-prev-2019159\">\n\t\t\t\t\t\t\t\t\t<\/div>\n\t\t\t\t<div class=\"wpr-slider-next-arrow wpr-slider-arrow\" id=\"wpr-slider-next-2019159\">\n\t\t\t\t\t\t\t\t\t<\/div>\n\t\t\t<\/div>\n\t\t\t\n\t\t\t\n\t\t<\/div>\n\t\t\t\t\t\t<\/div>\n\t\t\t\t<\/div>\n\t\t\t\t<\/div>\n\t\t<div class=\"elementor-element elementor-element-be17765 e-flex e-con-boxed wpr-particle-no wpr-jarallax-no wpr-parallax-no wpr-sticky-section-no e-con e-parent\" data-id=\"be17765\" data-element_type=\"container\">\n\t\t\t\t\t<div class=\"e-con-inner\">\n\t\t\t\t<div class=\"elementor-element elementor-element-e2934e1 elementor-widget elementor-widget-text-editor\" data-id=\"e2934e1\" data-element_type=\"widget\" data-widget_type=\"text-editor.default\">\n\t\t\t\t<div class=\"elementor-widget-container\">\n\t\t\t\t\t\t\t\t\t<p>Una casa de los a\u00f1os 50 completamente renovada por dentro, manteniendo su estructura original. Solo 5 apartamentos en el edificio, 4 de los cuales son para los hu\u00e9spedes, completamente independientes, cada uno con ba\u00f1o privado y cocina. Ning\u00fan apartamento es igual al otro, lo que hace que su estancia sea \u00fanica. Objetos geniales en la decoraci\u00f3n y detalles actualizados como enchufes USB para hacer tu vida m\u00e1s f\u00e1cil. El quinto departamento es para el propietario de NICE &amp; COOL el cual estar\u00e1 disponible para aconsejarlo o aclarar dudas.<\/p>\t\t\t\t\t\t\t\t<\/div>\n\t\t\t\t<\/div>\n\t\t\t\t\t<\/div>\n\t\t\t\t<\/div>\n\t\t<div class=\"elementor-element elementor-element-0199b7a e-flex e-con-boxed wpr-particle-no wpr-jarallax-no wpr-parallax-no wpr-sticky-section-no e-con e-parent\" data-id=\"0199b7a\" data-element_type=\"container\">\n\t\t\t\t\t<div class=\"e-con-inner\">\n\t\t\t\t<div class=\"elementor-element elementor-element-830d438 gallery-spacing-custom elementor-widget elementor-widget-image-gallery\" data-id=\"830d438\" data-element_type=\"widget\" data-widget_type=\"image-gallery.default\">\n\t\t\t\t<div class=\"elementor-widget-container\">\n\t\t\t\t\t\t\t<div class=\"elementor-image-gallery\">\n\t\t\t<div id='gallery-1' class='gallery galleryid-1948 gallery-columns-3 gallery-size-1536x1536'><figure class='gallery-item'>\n\t\t\t<div class='gallery-icon portrait'>\n\t\t\t\t<a data-elementor-open-lightbox=\"yes\" data-elementor-lightbox-slideshow=\"830d438\" data-elementor-lightbox-title=\"IMG_8813\" data-e-action-hash=\"#elementor-action%3Aaction%3Dlightbox%26settings%3DeyJpZCI6MTk1MSwidXJsIjoiaHR0cHM6XC9cL3d3dy5kZXBhcnRhbWVudG9zbmljZWFuZGNvb2wuY2xcL2VuXC93cC1jb250ZW50XC91cGxvYWRzXC8yMDI0XC8wMVwvSU1HXzg4MTMuanBnIiwic2xpZGVzaG93IjoiODMwZDQzOCJ9\" href='https:\/\/www.departamentosniceandcool.cl\/en\/wp-content\/uploads\/2024\/01\/IMG_8813.jpg'><img fetchpriority=\"high\" decoding=\"async\" width=\"432\" height=\"576\" src=\"https:\/\/www.departamentosniceandcool.cl\/en\/wp-content\/uploads\/2024\/01\/IMG_8813.jpg\" class=\"attachment-1536x1536 size-1536x1536\" alt=\"\" srcset=\"https:\/\/www.departamentosniceandcool.cl\/en\/wp-content\/uploads\/2024\/01\/IMG_8813.jpg 432w, https:\/\/www.departamentosniceandcool.cl\/en\/wp-content\/uploads\/2024\/01\/IMG_8813-225x300.jpg 225w\" sizes=\"(max-width: 432px) 100vw, 432px\" \/><\/a>\n\t\t\t<\/div><\/figure><figure class='gallery-item'>\n\t\t\t<div class='gallery-icon portrait'>\n\t\t\t\t<a data-elementor-open-lightbox=\"yes\" data-elementor-lightbox-slideshow=\"830d438\" data-elementor-lightbox-title=\"IMG_8819\" data-e-action-hash=\"#elementor-action%3Aaction%3Dlightbox%26settings%3DeyJpZCI6MTk1MiwidXJsIjoiaHR0cHM6XC9cL3d3dy5kZXBhcnRhbWVudG9zbmljZWFuZGNvb2wuY2xcL2VuXC93cC1jb250ZW50XC91cGxvYWRzXC8yMDI0XC8wMVwvSU1HXzg4MTkuanBnIiwic2xpZGVzaG93IjoiODMwZDQzOCJ9\" href='https:\/\/www.departamentosniceandcool.cl\/en\/wp-content\/uploads\/2024\/01\/IMG_8819.jpg'><img decoding=\"async\" width=\"432\" height=\"576\" src=\"https:\/\/www.departamentosniceandcool.cl\/en\/wp-content\/uploads\/2024\/01\/IMG_8819.jpg\" class=\"attachment-1536x1536 size-1536x1536\" alt=\"\" srcset=\"https:\/\/www.departamentosniceandcool.cl\/en\/wp-content\/uploads\/2024\/01\/IMG_8819.jpg 432w, https:\/\/www.departamentosniceandcool.cl\/en\/wp-content\/uploads\/2024\/01\/IMG_8819-225x300.jpg 225w\" sizes=\"(max-width: 432px) 100vw, 432px\" \/><\/a>\n\t\t\t<\/div><\/figure><figure class='gallery-item'>\n\t\t\t<div class='gallery-icon landscape'>\n\t\t\t\t<a data-elementor-open-lightbox=\"yes\" data-elementor-lightbox-slideshow=\"830d438\" data-elementor-lightbox-title=\"IMG_8821\" data-e-action-hash=\"#elementor-action%3Aaction%3Dlightbox%26settings%3DeyJpZCI6MTk1MywidXJsIjoiaHR0cHM6XC9cL3d3dy5kZXBhcnRhbWVudG9zbmljZWFuZGNvb2wuY2xcL2VuXC93cC1jb250ZW50XC91cGxvYWRzXC8yMDI0XC8wMVwvSU1HXzg4MjEuanBnIiwic2xpZGVzaG93IjoiODMwZDQzOCJ9\" href='https:\/\/www.departamentosniceandcool.cl\/en\/wp-content\/uploads\/2024\/01\/IMG_8821.jpg'><img decoding=\"async\" width=\"768\" height=\"576\" src=\"https:\/\/www.departamentosniceandcool.cl\/en\/wp-content\/uploads\/2024\/01\/IMG_8821.jpg\" class=\"attachment-1536x1536 size-1536x1536\" alt=\"\" srcset=\"https:\/\/www.departamentosniceandcool.cl\/en\/wp-content\/uploads\/2024\/01\/IMG_8821.jpg 768w, https:\/\/www.departamentosniceandcool.cl\/en\/wp-content\/uploads\/2024\/01\/IMG_8821-300x225.jpg 300w\" sizes=\"(max-width: 768px) 100vw, 768px\" \/><\/a>\n\t\t\t<\/div><\/figure><figure class='gallery-item'>\n\t\t\t<div class='gallery-icon landscape'>\n\t\t\t\t<a data-elementor-open-lightbox=\"yes\" data-elementor-lightbox-slideshow=\"830d438\" data-elementor-lightbox-title=\"IMG_8822\" data-e-action-hash=\"#elementor-action%3Aaction%3Dlightbox%26settings%3DeyJpZCI6MTk1NCwidXJsIjoiaHR0cHM6XC9cL3d3dy5kZXBhcnRhbWVudG9zbmljZWFuZGNvb2wuY2xcL2VuXC93cC1jb250ZW50XC91cGxvYWRzXC8yMDI0XC8wMVwvSU1HXzg4MjIuanBnIiwic2xpZGVzaG93IjoiODMwZDQzOCJ9\" href='https:\/\/www.departamentosniceandcool.cl\/en\/wp-content\/uploads\/2024\/01\/IMG_8822.jpg'><img loading=\"lazy\" decoding=\"async\" width=\"768\" height=\"576\" src=\"https:\/\/www.departamentosniceandcool.cl\/en\/wp-content\/uploads\/2024\/01\/IMG_8822.jpg\" class=\"attachment-1536x1536 size-1536x1536\" alt=\"\" srcset=\"https:\/\/www.departamentosniceandcool.cl\/en\/wp-content\/uploads\/2024\/01\/IMG_8822.jpg 768w, https:\/\/www.departamentosniceandcool.cl\/en\/wp-content\/uploads\/2024\/01\/IMG_8822-300x225.jpg 300w\" sizes=\"(max-width: 768px) 100vw, 768px\" \/><\/a>\n\t\t\t<\/div><\/figure><figure class='gallery-item'>\n\t\t\t<div class='gallery-icon landscape'>\n\t\t\t\t<a data-elementor-open-lightbox=\"yes\" data-elementor-lightbox-slideshow=\"830d438\" data-elementor-lightbox-title=\"IMG_8831\" data-e-action-hash=\"#elementor-action%3Aaction%3Dlightbox%26settings%3DeyJpZCI6MTk1NSwidXJsIjoiaHR0cHM6XC9cL3d3dy5kZXBhcnRhbWVudG9zbmljZWFuZGNvb2wuY2xcL2VuXC93cC1jb250ZW50XC91cGxvYWRzXC8yMDI0XC8wMVwvSU1HXzg4MzEuanBnIiwic2xpZGVzaG93IjoiODMwZDQzOCJ9\" href='https:\/\/www.departamentosniceandcool.cl\/en\/wp-content\/uploads\/2024\/01\/IMG_8831.jpg'><img loading=\"lazy\" decoding=\"async\" width=\"768\" height=\"576\" src=\"https:\/\/www.departamentosniceandcool.cl\/en\/wp-content\/uploads\/2024\/01\/IMG_8831.jpg\" class=\"attachment-1536x1536 size-1536x1536\" alt=\"\" srcset=\"https:\/\/www.departamentosniceandcool.cl\/en\/wp-content\/uploads\/2024\/01\/IMG_8831.jpg 768w, https:\/\/www.departamentosniceandcool.cl\/en\/wp-content\/uploads\/2024\/01\/IMG_8831-300x225.jpg 300w\" sizes=\"(max-width: 768px) 100vw, 768px\" \/><\/a>\n\t\t\t<\/div><\/figure><figure class='gallery-item'>\n\t\t\t<div class='gallery-icon landscape'>\n\t\t\t\t<a data-elementor-open-lightbox=\"yes\" data-elementor-lightbox-slideshow=\"830d438\" data-elementor-lightbox-title=\"IMG_8883\" data-e-action-hash=\"#elementor-action%3Aaction%3Dlightbox%26settings%3DeyJpZCI6MTk2MSwidXJsIjoiaHR0cHM6XC9cL3d3dy5kZXBhcnRhbWVudG9zbmljZWFuZGNvb2wuY2xcL2VuXC93cC1jb250ZW50XC91cGxvYWRzXC8yMDI0XC8wMVwvSU1HXzg4ODMuanBnIiwic2xpZGVzaG93IjoiODMwZDQzOCJ9\" href='https:\/\/www.departamentosniceandcool.cl\/en\/wp-content\/uploads\/2024\/01\/IMG_8883.jpg'><img loading=\"lazy\" decoding=\"async\" width=\"768\" height=\"576\" src=\"https:\/\/www.departamentosniceandcool.cl\/en\/wp-content\/uploads\/2024\/01\/IMG_8883.jpg\" class=\"attachment-1536x1536 size-1536x1536\" alt=\"\" srcset=\"https:\/\/www.departamentosniceandcool.cl\/en\/wp-content\/uploads\/2024\/01\/IMG_8883.jpg 768w, https:\/\/www.departamentosniceandcool.cl\/en\/wp-content\/uploads\/2024\/01\/IMG_8883-300x225.jpg 300w\" sizes=\"(max-width: 768px) 100vw, 768px\" \/><\/a>\n\t\t\t<\/div><\/figure><figure class='gallery-item'>\n\t\t\t<div class='gallery-icon portrait'>\n\t\t\t\t<a data-elementor-open-lightbox=\"yes\" data-elementor-lightbox-slideshow=\"830d438\" data-elementor-lightbox-title=\"IMG_8860\" data-e-action-hash=\"#elementor-action%3Aaction%3Dlightbox%26settings%3DeyJpZCI6MTk1NywidXJsIjoiaHR0cHM6XC9cL3d3dy5kZXBhcnRhbWVudG9zbmljZWFuZGNvb2wuY2xcL2VuXC93cC1jb250ZW50XC91cGxvYWRzXC8yMDI0XC8wMVwvSU1HXzg4NjAuanBnIiwic2xpZGVzaG93IjoiODMwZDQzOCJ9\" href='https:\/\/www.departamentosniceandcool.cl\/en\/wp-content\/uploads\/2024\/01\/IMG_8860.jpg'><img loading=\"lazy\" decoding=\"async\" width=\"432\" height=\"576\" src=\"https:\/\/www.departamentosniceandcool.cl\/en\/wp-content\/uploads\/2024\/01\/IMG_8860.jpg\" class=\"attachment-1536x1536 size-1536x1536\" alt=\"\" srcset=\"https:\/\/www.departamentosniceandcool.cl\/en\/wp-content\/uploads\/2024\/01\/IMG_8860.jpg 432w, https:\/\/www.departamentosniceandcool.cl\/en\/wp-content\/uploads\/2024\/01\/IMG_8860-225x300.jpg 225w\" sizes=\"(max-width: 432px) 100vw, 432px\" \/><\/a>\n\t\t\t<\/div><\/figure><figure class='gallery-item'>\n\t\t\t<div class='gallery-icon portrait'>\n\t\t\t\t<a data-elementor-open-lightbox=\"yes\" data-elementor-lightbox-slideshow=\"830d438\" data-elementor-lightbox-title=\"IMG_8871\" data-e-action-hash=\"#elementor-action%3Aaction%3Dlightbox%26settings%3DeyJpZCI6MTk1OCwidXJsIjoiaHR0cHM6XC9cL3d3dy5kZXBhcnRhbWVudG9zbmljZWFuZGNvb2wuY2xcL2VuXC93cC1jb250ZW50XC91cGxvYWRzXC8yMDI0XC8wMVwvSU1HXzg4NzEuanBnIiwic2xpZGVzaG93IjoiODMwZDQzOCJ9\" href='https:\/\/www.departamentosniceandcool.cl\/en\/wp-content\/uploads\/2024\/01\/IMG_8871.jpg'><img loading=\"lazy\" decoding=\"async\" width=\"432\" height=\"576\" src=\"https:\/\/www.departamentosniceandcool.cl\/en\/wp-content\/uploads\/2024\/01\/IMG_8871.jpg\" class=\"attachment-1536x1536 size-1536x1536\" alt=\"\" srcset=\"https:\/\/www.departamentosniceandcool.cl\/en\/wp-content\/uploads\/2024\/01\/IMG_8871.jpg 432w, https:\/\/www.departamentosniceandcool.cl\/en\/wp-content\/uploads\/2024\/01\/IMG_8871-225x300.jpg 225w\" sizes=\"(max-width: 432px) 100vw, 432px\" \/><\/a>\n\t\t\t<\/div><\/figure><figure class='gallery-item'>\n\t\t\t<div class='gallery-icon portrait'>\n\t\t\t\t<a data-elementor-open-lightbox=\"yes\" data-elementor-lightbox-slideshow=\"830d438\" data-elementor-lightbox-title=\"IMG_8874\" data-e-action-hash=\"#elementor-action%3Aaction%3Dlightbox%26settings%3DeyJpZCI6MTk1OSwidXJsIjoiaHR0cHM6XC9cL3d3dy5kZXBhcnRhbWVudG9zbmljZWFuZGNvb2wuY2xcL2VuXC93cC1jb250ZW50XC91cGxvYWRzXC8yMDI0XC8wMVwvSU1HXzg4NzQuanBnIiwic2xpZGVzaG93IjoiODMwZDQzOCJ9\" href='https:\/\/www.departamentosniceandcool.cl\/en\/wp-content\/uploads\/2024\/01\/IMG_8874.jpg'><img loading=\"lazy\" decoding=\"async\" width=\"432\" height=\"576\" src=\"https:\/\/www.departamentosniceandcool.cl\/en\/wp-content\/uploads\/2024\/01\/IMG_8874.jpg\" class=\"attachment-1536x1536 size-1536x1536\" alt=\"\" srcset=\"https:\/\/www.departamentosniceandcool.cl\/en\/wp-content\/uploads\/2024\/01\/IMG_8874.jpg 432w, https:\/\/www.departamentosniceandcool.cl\/en\/wp-content\/uploads\/2024\/01\/IMG_8874-225x300.jpg 225w\" sizes=\"(max-width: 432px) 100vw, 432px\" \/><\/a>\n\t\t\t<\/div><\/figure><figure class='gallery-item'>\n\t\t\t<div class='gallery-icon landscape'>\n\t\t\t\t<a data-elementor-open-lightbox=\"yes\" data-elementor-lightbox-slideshow=\"830d438\" data-elementor-lightbox-title=\"IMG_8875\" data-e-action-hash=\"#elementor-action%3Aaction%3Dlightbox%26settings%3DeyJpZCI6MTk2MCwidXJsIjoiaHR0cHM6XC9cL3d3dy5kZXBhcnRhbWVudG9zbmljZWFuZGNvb2wuY2xcL2VuXC93cC1jb250ZW50XC91cGxvYWRzXC8yMDI0XC8wMVwvSU1HXzg4NzUuanBnIiwic2xpZGVzaG93IjoiODMwZDQzOCJ9\" href='https:\/\/www.departamentosniceandcool.cl\/en\/wp-content\/uploads\/2024\/01\/IMG_8875.jpg'><img loading=\"lazy\" decoding=\"async\" width=\"768\" height=\"576\" src=\"https:\/\/www.departamentosniceandcool.cl\/en\/wp-content\/uploads\/2024\/01\/IMG_8875.jpg\" class=\"attachment-1536x1536 size-1536x1536\" alt=\"\" srcset=\"https:\/\/www.departamentosniceandcool.cl\/en\/wp-content\/uploads\/2024\/01\/IMG_8875.jpg 768w, https:\/\/www.departamentosniceandcool.cl\/en\/wp-content\/uploads\/2024\/01\/IMG_8875-300x225.jpg 300w\" sizes=\"(max-width: 768px) 100vw, 768px\" \/><\/a>\n\t\t\t<\/div><\/figure><figure class='gallery-item'>\n\t\t\t<div class='gallery-icon portrait'>\n\t\t\t\t<a data-elementor-open-lightbox=\"yes\" data-elementor-lightbox-slideshow=\"830d438\" data-elementor-lightbox-title=\"IMG_8854\" data-e-action-hash=\"#elementor-action%3Aaction%3Dlightbox%26settings%3DeyJpZCI6MTk1NiwidXJsIjoiaHR0cHM6XC9cL3d3dy5kZXBhcnRhbWVudG9zbmljZWFuZGNvb2wuY2xcL2VuXC93cC1jb250ZW50XC91cGxvYWRzXC8yMDI0XC8wMVwvSU1HXzg4NTQuanBnIiwic2xpZGVzaG93IjoiODMwZDQzOCJ9\" href='https:\/\/www.departamentosniceandcool.cl\/en\/wp-content\/uploads\/2024\/01\/IMG_8854.jpg'><img loading=\"lazy\" decoding=\"async\" width=\"432\" height=\"576\" src=\"https:\/\/www.departamentosniceandcool.cl\/en\/wp-content\/uploads\/2024\/01\/IMG_8854.jpg\" class=\"attachment-1536x1536 size-1536x1536\" alt=\"\" srcset=\"https:\/\/www.departamentosniceandcool.cl\/en\/wp-content\/uploads\/2024\/01\/IMG_8854.jpg 432w, https:\/\/www.departamentosniceandcool.cl\/en\/wp-content\/uploads\/2024\/01\/IMG_8854-225x300.jpg 225w\" sizes=\"(max-width: 432px) 100vw, 432px\" \/><\/a>\n\t\t\t<\/div><\/figure>\n\t\t<\/div>\n\t\t<\/div>\n\t\t\t\t\t\t<\/div>\n\t\t\t\t<\/div>\n\t\t\t\t\t<\/div>\n\t\t\t\t<\/div>\n\t\t\t\t<\/div>\n\t\t","protected":false},"excerpt":{"rendered":"<p>LO COOL Una casa de los a\u00f1os 50 completamente renovada por dentro, manteniendo su estructura original. Solo 5 apartamentos en el edificio, 4 de los cuales son para los hu\u00e9spedes, completamente independientes, cada uno con ba\u00f1o privado y cocina. Ning\u00fan apartamento es igual al otro, lo que hace que su estancia sea \u00fanica. Objetos geniales en la decoraci\u00f3n y detalles actualizados como enchufes USB para hacer tu vida m\u00e1s f\u00e1cil. El quinto departamento es para el propietario de NICE &amp; COOL el cual estar\u00e1 disponible para aconsejarlo o aclarar dudas.<\/p>\n","protected":false},"author":1,"featured_media":0,"parent":0,"menu_order":0,"comment_status":"closed","ping_status":"closed","template":"","meta":{"site-sidebar-layout":"no-sidebar","site-content-layout":"page-builder","ast-site-content-layout":"full-width-container","site-content-style":"unboxed","site-sidebar-style":"unboxed","ast-global-header-display":"","ast-banner-title-visibility":"","ast-main-header-display":"","ast-hfb-above-header-display":"","ast-hfb-below-header-display":"","ast-hfb-mobile-header-display":"","site-post-title":"disabled","ast-breadcrumbs-content":"","ast-featured-img":"disabled","footer-sml-layout":"","theme-transparent-header-meta":"enabled","adv-header-id-meta":"","stick-header-meta":"","header-above-stick-meta":"","header-main-stick-meta":"","header-below-stick-meta":"","astra-migrate-meta-layouts":"set","ast-page-background-enabled":"default","ast-page-background-meta":{"desktop":{"background-color":"var(--ast-global-color-4)","background-image":"","background-repeat":"repeat","background-position":"center center","background-size":"auto","background-attachment":"scroll","background-type":"","background-media":"","overlay-type":"","overlay-color":"","overlay-gradient":""},"tablet":{"background-color":"","background-image":"","background-repeat":"repeat","background-position":"center center","background-size":"auto","background-attachment":"scroll","background-type":"","background-media":"","overlay-type":"","overlay-color":"","overlay-gradient":""},"mobile":{"background-color":"","background-image":"","background-repeat":"repeat","background-position":"center center","background-size":"auto","background-attachment":"scroll","background-type":"","background-media":"","overlay-type":"","overlay-color":"","overlay-gradient":""}},"ast-content-background-meta":{"desktop":{"background-color":"var(--ast-global-color-5)","background-image":"","background-repeat":"repeat","background-position":"center center","background-size":"auto","background-attachment":"scroll","background-type":"","background-media":"","overlay-type":"","overlay-color":"","overlay-gradient":""},"tablet":{"background-color":"var(--ast-global-color-5)","background-image":"","background-repeat":"repeat","background-position":"center center","background-size":"auto","background-attachment":"scroll","background-type":"","background-media":"","overlay-type":"","overlay-color":"","overlay-gradient":""},"mobile":{"background-color":"var(--ast-global-color-5)","background-image":"","background-repeat":"repeat","background-position":"center center","background-size":"auto","background-attachment":"scroll","background-type":"","background-media":"","overlay-type":"","overlay-color":"","overlay-gradient":""}},"footnotes":""},"class_list":["post-1948","page","type-page","status-publish","hentry"],"aioseo_notices":[],"_links":{"self":[{"href":"https:\/\/www.departamentosniceandcool.cl\/en\/wp-json\/wp\/v2\/pages\/1948","targetHints":{"allow":["GET"]}}],"collection":[{"href":"https:\/\/www.departamentosniceandcool.cl\/en\/wp-json\/wp\/v2\/pages"}],"about":[{"href":"https:\/\/www.departamentosniceandcool.cl\/en\/wp-json\/wp\/v2\/types\/page"}],"author":[{"embeddable":true,"href":"https:\/\/www.departamentosniceandcool.cl\/en\/wp-json\/wp\/v2\/users\/1"}],"replies":[{"embeddable":true,"href":"https:\/\/www.departamentosniceandcool.cl\/en\/wp-json\/wp\/v2\/comments?post=1948"}],"version-history":[{"count":5,"href":"https:\/\/www.departamentosniceandcool.cl\/en\/wp-json\/wp\/v2\/pages\/1948\/revisions"}],"predecessor-version":[{"id":2059,"href":"https:\/\/www.departamentosniceandcool.cl\/en\/wp-json\/wp\/v2\/pages\/1948\/revisions\/2059"}],"wp:attachment":[{"href":"https:\/\/www.departamentosniceandcool.cl\/en\/wp-json\/wp\/v2\/media?parent=1948"}],"curies":[{"name":"wp","href":"https:\/\/api.w.org\/{rel}","templated":true}]}}